{"id":997,"date":"2025-07-15T11:05:18","date_gmt":"2025-07-15T11:05:18","guid":{"rendered":"https:\/\/stinaw.asaplive.dk\/?page_id=997"},"modified":"2025-10-14T09:20:06","modified_gmt":"2025-10-14T09:20:06","slug":"svendeportfolio","status":"publish","type":"page","link":"https:\/\/stinaw.asaplive.dk\/?page_id=997","title":{"rendered":"Svendeportfolio"},"content":{"rendered":"\t\t<div data-elementor-type=\"wp-page\" data-elementor-id=\"997\" class=\"elementor elementor-997\" data-elementor-post-type=\"page\">\n\t\t\t\t<div class=\"elementor-element elementor-element-5a562257 e-con-full e-flex e-con e-parent\" data-id=\"5a562257\" data-element_type=\"container\" data-settings=\"{&quot;background_background&quot;:&quot;classic&quot;}\">\n\t\t<div class=\"elementor-element elementor-element-1079284e e-con-full e-flex e-con e-child\" data-id=\"1079284e\" data-element_type=\"container\" data-settings=\"{&quot;background_background&quot;:&quot;classic&quot;}\">\n\t\t\t\t<\/div>\n\t\t<div class=\"elementor-element elementor-element-488cc05e e-con-full e-flex e-con e-child\" data-id=\"488cc05e\" data-element_type=\"container\">\n\t\t\t\t<div class=\"elementor-element elementor-element-247266d1 elementor-widget elementor-widget-heading\" data-id=\"247266d1\" data-element_type=\"widget\" data-widget_type=\"heading.default\">\n\t\t\t\t<div class=\"elementor-widget-container\">\n\t\t\t<h2 class=\"elementor-heading-title elementor-size-default\">Svendeportfolio<\/h2>\t\t<\/div>\n\t\t\t\t<\/div>\n\t\t\t\t<div class=\"elementor-element elementor-element-1d6facb9 elementor-widget elementor-widget-button\" data-id=\"1d6facb9\" data-element_type=\"widget\" data-widget_type=\"button.default\">\n\t\t\t\t<div class=\"elementor-widget-container\">\n\t\t\t\t\t\t\t<div class=\"elementor-button-wrapper\">\n\t\t\t\t\t<a class=\"elementor-button elementor-button-link elementor-size-sm\" href=\"http:\/\/stinaw.asaplive.dk\/wp-content\/uploads\/2025\/10\/Svendeportfolie-Stina_web.pdf\" target=\"_blank\">\n\t\t\t\t\t\t<span class=\"elementor-button-content-wrapper\">\n\t\t\t\t\t\t<span class=\"elementor-button-icon\">\n\t\t\t\t<svg aria-hidden=\"true\" class=\"e-font-icon-svg e-fas-file-download\" viewBox=\"0 0 384 512\" xmlns=\"http:\/\/www.w3.org\/2000\/svg\"><path d=\"M224 136V0H24C10.7 0 0 10.7 0 24v464c0 13.3 10.7 24 24 24h336c13.3 0 24-10.7 24-24V160H248c-13.2 0-24-10.8-24-24zm76.45 211.36l-96.42 95.7c-6.65 6.61-17.39 6.61-24.04 0l-96.42-95.7C73.42 337.29 80.54 320 94.82 320H160v-80c0-8.84 7.16-16 16-16h32c8.84 0 16 7.16 16 16v80h65.18c14.28 0 21.4 17.29 11.27 27.36zM377 105L279.1 7c-4.5-4.5-10.6-7-17-7H256v128h128v-6.1c0-6.3-2.5-12.4-7-16.9z\"><\/path><\/svg>\t\t\t<\/span>\n\t\t\t\t\t\t\t\t\t<span class=\"elementor-button-text\">Download portfolio her<\/span>\n\t\t\t\t\t<\/span>\n\t\t\t\t\t<\/a>\n\t\t\t\t<\/div>\n\t\t\t\t\t\t<\/div>\n\t\t\t\t<\/div>\n\t\t\t\t<div class=\"elementor-element elementor-element-59c6c848 elementor-widget-mobile__width-initial elementor-widget elementor-widget-text-editor\" data-id=\"59c6c848\" data-element_type=\"widget\" data-widget_type=\"text-editor.default\">\n\t\t\t\t<div class=\"elementor-widget-container\">\n\t\t\t\t\t\t\t<p>I denne portfolio pr\u00e6senterer jeg to produkter: et trykt og et digitalt produkt.<\/p><p>Det trykte produkt omfatter et h\u00e6fte, der er lavet til efteruddannelse p\u00e5 Zealand, hvor kernefaglighederne inden for typografi og grafik og billedbehandling demonstreres.<\/p><p>Det digitale produkt er en 10 sekunders animeret kampagnevideo rettet mod kvote 1-optaget p\u00e5 Zealand Erhvervsakademi.<\/p><p>Dette indeb\u00e6rer nye grafisk design og grafisk produktionsforst\u00e5else.<\/p>\t\t\t\t\t\t<\/div>\n\t\t\t\t<\/div>\n\t\t\t\t<\/div>\n\t\t\t\t<\/div>\n\t\t<div class=\"elementor-element elementor-element-52a9c829 e-con-full e-flex e-con e-parent\" data-id=\"52a9c829\" data-element_type=\"container\" data-settings=\"{&quot;background_background&quot;:&quot;classic&quot;}\">\n\t\t<div class=\"elementor-element elementor-element-6873d954 e-con-full e-flex e-con e-child\" data-id=\"6873d954\" data-element_type=\"container\">\n\t\t<div class=\"elementor-element elementor-element-74a1f107 e-con-full e-flex e-con e-child\" data-id=\"74a1f107\" data-element_type=\"container\">\n\t\t<div class=\"elementor-element elementor-element-53ee38a0 e-con-full e-flex e-con e-child\" data-id=\"53ee38a0\" data-element_type=\"container\" data-settings=\"{&quot;background_background&quot;:&quot;classic&quot;}\">\n\t\t\t\t<div class=\"elementor-element elementor-element-49f09db6 elementor-widget elementor-widget-image\" data-id=\"49f09db6\" data-element_type=\"widget\" data-widget_type=\"image.default\">\n\t\t\t\t<div class=\"elementor-widget-container\">\n\t\t\t\t\t\t\t\t\t\t\t\t\t<img fetchpriority=\"high\" decoding=\"async\" width=\"800\" height=\"600\" src=\"https:\/\/stinaw.asaplive.dk\/wp-content\/uploads\/2025\/07\/Ledelse-haefte-mockup-1024x768.png\" class=\"attachment-large size-large wp-image-1003\" alt=\"\" srcset=\"https:\/\/stinaw.asaplive.dk\/wp-content\/uploads\/2025\/07\/Ledelse-haefte-mockup-1024x768.png 1024w, https:\/\/stinaw.asaplive.dk\/wp-content\/uploads\/2025\/07\/Ledelse-haefte-mockup-300x225.png 300w, https:\/\/stinaw.asaplive.dk\/wp-content\/uploads\/2025\/07\/Ledelse-haefte-mockup-768x576.png 768w, https:\/\/stinaw.asaplive.dk\/wp-content\/uploads\/2025\/07\/Ledelse-haefte-mockup-1536x1152.png 1536w, https:\/\/stinaw.asaplive.dk\/wp-content\/uploads\/2025\/07\/Ledelse-haefte-mockup.png 2000w\" sizes=\"(max-width: 800px) 100vw, 800px\" \/>\t\t\t\t\t\t\t\t\t\t\t\t\t<\/div>\n\t\t\t\t<\/div>\n\t\t\t\t<\/div>\n\t\t\t\t<div class=\"elementor-element elementor-element-4bc23928 elementor-widget elementor-widget-heading\" data-id=\"4bc23928\" data-element_type=\"widget\" data-widget_type=\"heading.default\">\n\t\t\t\t<div class=\"elementor-widget-container\">\n\t\t\t<h2 class=\"elementor-heading-title elementor-size-default\">Det Trykte produkt<\/h2>\t\t<\/div>\n\t\t\t\t<\/div>\n\t\t\t\t<div class=\"elementor-element elementor-element-229b96ac elementor-widget elementor-widget-heading\" data-id=\"229b96ac\" data-element_type=\"widget\" data-widget_type=\"heading.default\">\n\t\t\t\t<div class=\"elementor-widget-container\">\n\t\t\t<h2 class=\"elementor-heading-title elementor-size-default\"><span style=\"text-align: var(--text-align)\">Typografi <\/span><br>Grafik og billedbehandling<\/h2>\t\t<\/div>\n\t\t\t\t<\/div>\n\t\t\t\t<div class=\"elementor-element elementor-element-7c2e24 elementor-widget elementor-widget-button\" data-id=\"7c2e24\" data-element_type=\"widget\" data-widget_type=\"button.default\">\n\t\t\t\t<div class=\"elementor-widget-container\">\n\t\t\t\t\t\t\t<div class=\"elementor-button-wrapper\">\n\t\t\t\t\t<a class=\"elementor-button elementor-button-link elementor-size-sm\" href=\"http:\/\/stinaw.asaplive.dk\/wp-content\/uploads\/2025\/10\/Ledelse-haefte-Final.pdf\" target=\"_blank\">\n\t\t\t\t\t\t<span class=\"elementor-button-content-wrapper\">\n\t\t\t\t\t\t<span class=\"elementor-button-icon\">\n\t\t\t\t<svg aria-hidden=\"true\" class=\"e-font-icon-svg e-fas-file-download\" viewBox=\"0 0 384 512\" xmlns=\"http:\/\/www.w3.org\/2000\/svg\"><path d=\"M224 136V0H24C10.7 0 0 10.7 0 24v464c0 13.3 10.7 24 24 24h336c13.3 0 24-10.7 24-24V160H248c-13.2 0-24-10.8-24-24zm76.45 211.36l-96.42 95.7c-6.65 6.61-17.39 6.61-24.04 0l-96.42-95.7C73.42 337.29 80.54 320 94.82 320H160v-80c0-8.84 7.16-16 16-16h32c8.84 0 16 7.16 16 16v80h65.18c14.28 0 21.4 17.29 11.27 27.36zM377 105L279.1 7c-4.5-4.5-10.6-7-17-7H256v128h128v-6.1c0-6.3-2.5-12.4-7-16.9z\"><\/path><\/svg>\t\t\t<\/span>\n\t\t\t\t\t\t\t\t\t<span class=\"elementor-button-text\">Download produkt<\/span>\n\t\t\t\t\t<\/span>\n\t\t\t\t\t<\/a>\n\t\t\t\t<\/div>\n\t\t\t\t\t\t<\/div>\n\t\t\t\t<\/div>\n\t\t\t\t<\/div>\n\t\t\t\t<\/div>\n\t\t<div class=\"elementor-element elementor-element-4d6b8713 e-con-full e-flex e-con e-child\" data-id=\"4d6b8713\" data-element_type=\"container\">\n\t\t<div class=\"elementor-element elementor-element-3e2757d9 e-con-full e-flex e-con e-child\" data-id=\"3e2757d9\" data-element_type=\"container\">\n\t\t<div class=\"elementor-element elementor-element-3f8697ee e-con-full e-flex e-con e-child\" data-id=\"3f8697ee\" data-element_type=\"container\">\n\t\t\t\t<div class=\"elementor-element elementor-element-339e9a1 elementor-widget elementor-widget-video\" data-id=\"339e9a1\" data-element_type=\"widget\" data-settings=\"{&quot;video_type&quot;:&quot;hosted&quot;,&quot;start&quot;:0,&quot;autoplay&quot;:&quot;yes&quot;,&quot;play_on_mobile&quot;:&quot;yes&quot;,&quot;loop&quot;:&quot;yes&quot;}\" data-widget_type=\"video.default\">\n\t\t\t\t<div class=\"elementor-widget-container\">\n\t\t\t\t\t<div class=\"e-hosted-video elementor-wrapper elementor-open-inline\">\n\t\t\t\t\t<video class=\"elementor-video\" src=\"http:\/\/stinaw.asaplive.dk\/wp-content\/uploads\/2025\/06\/Fitness_MK_Final_1920x1080px.mp4\" autoplay=\"\" loop=\"\" playsinline=\"\" controlsList=\"nodownload\"><\/video>\n\t\t\t\t<\/div>\n\t\t\t\t<\/div>\n\t\t\t\t<\/div>\n\t\t\t\t<\/div>\n\t\t\t\t<div class=\"elementor-element elementor-element-2cef401 elementor-widget elementor-widget-heading\" data-id=\"2cef401\" data-element_type=\"widget\" data-widget_type=\"heading.default\">\n\t\t\t\t<div class=\"elementor-widget-container\">\n\t\t\t<h2 class=\"elementor-heading-title elementor-size-default\">Det Digitale produkt<\/h2>\t\t<\/div>\n\t\t\t\t<\/div>\n\t\t\t\t<div class=\"elementor-element elementor-element-4365839b elementor-widget elementor-widget-heading\" data-id=\"4365839b\" data-element_type=\"widget\" data-widget_type=\"heading.default\">\n\t\t\t\t<div class=\"elementor-widget-container\">\n\t\t\t<h2 class=\"elementor-heading-title elementor-size-default\">Grafisk design<br>Grafisk produktionsforst\u00e5else<\/h2>\t\t<\/div>\n\t\t\t\t<\/div>\n\t\t\t\t<div class=\"elementor-element elementor-element-ea8c1a2 elementor-widget elementor-widget-button\" data-id=\"ea8c1a2\" data-element_type=\"widget\" data-widget_type=\"button.default\">\n\t\t\t\t<div class=\"elementor-widget-container\">\n\t\t\t\t\t\t\t<div class=\"elementor-button-wrapper\">\n\t\t\t\t\t<a class=\"elementor-button elementor-button-link elementor-size-sm\" href=\"http:\/\/stinaw.asaplive.dk\/wp-content\/uploads\/2025\/06\/Fitness_MK_Final_1920x1080px.mp4\" target=\"_blank\">\n\t\t\t\t\t\t<span class=\"elementor-button-content-wrapper\">\n\t\t\t\t\t\t<span class=\"elementor-button-icon\">\n\t\t\t\t<svg aria-hidden=\"true\" class=\"e-font-icon-svg e-fas-file-download\" viewBox=\"0 0 384 512\" xmlns=\"http:\/\/www.w3.org\/2000\/svg\"><path d=\"M224 136V0H24C10.7 0 0 10.7 0 24v464c0 13.3 10.7 24 24 24h336c13.3 0 24-10.7 24-24V160H248c-13.2 0-24-10.8-24-24zm76.45 211.36l-96.42 95.7c-6.65 6.61-17.39 6.61-24.04 0l-96.42-95.7C73.42 337.29 80.54 320 94.82 320H160v-80c0-8.84 7.16-16 16-16h32c8.84 0 16 7.16 16 16v80h65.18c14.28 0 21.4 17.29 11.27 27.36zM377 105L279.1 7c-4.5-4.5-10.6-7-17-7H256v128h128v-6.1c0-6.3-2.5-12.4-7-16.9z\"><\/path><\/svg>\t\t\t<\/span>\n\t\t\t\t\t\t\t\t\t<span class=\"elementor-button-text\">G\u00e5 til produkt<\/span>\n\t\t\t\t\t<\/span>\n\t\t\t\t\t<\/a>\n\t\t\t\t<\/div>\n\t\t\t\t\t\t<\/div>\n\t\t\t\t<\/div>\n\t\t\t\t<\/div>\n\t\t\t\t<\/div>\n\t\t\t\t<\/div>\n\t\t\t\t<\/div>\n\t\t","protected":false},"excerpt":{"rendered":"<p>Svendeportfolio Download portfolio her I denne portfolio pr\u00e6senterer jeg to produkter: et trykt og et digitalt produkt. Det trykte produkt omfatter et h\u00e6fte, der er lavet til efteruddannelse p\u00e5 Zealand, hvor kernefaglighederne inden for typografi og grafik og billedbehandling demonstreres. Det digitale produkt er en 10 sekunders animeret kampagnevideo rettet mod kvote 1-optaget p\u00e5 Zealand [&hellip;]<\/p>\n","protected":false},"author":2,"featured_media":0,"parent":0,"menu_order":0,"comment_status":"closed","ping_status":"closed","template":"","meta":{"footnotes":""},"class_list":["post-997","page","type-page","status-publish","hentry"],"_links":{"self":[{"href":"https:\/\/stinaw.asaplive.dk\/index.php?rest_route=\/wp\/v2\/pages\/997","targetHints":{"allow":["GET"]}}],"collection":[{"href":"https:\/\/stinaw.asaplive.dk\/index.php?rest_route=\/wp\/v2\/pages"}],"about":[{"href":"https:\/\/stinaw.asaplive.dk\/index.php?rest_route=\/wp\/v2\/types\/page"}],"author":[{"embeddable":true,"href":"https:\/\/stinaw.asaplive.dk\/index.php?rest_route=\/wp\/v2\/users\/2"}],"replies":[{"embeddable":true,"href":"https:\/\/stinaw.asaplive.dk\/index.php?rest_route=%2Fwp%2Fv2%2Fcomments&post=997"}],"version-history":[{"count":51,"href":"https:\/\/stinaw.asaplive.dk\/index.php?rest_route=\/wp\/v2\/pages\/997\/revisions"}],"predecessor-version":[{"id":1079,"href":"https:\/\/stinaw.asaplive.dk\/index.php?rest_route=\/wp\/v2\/pages\/997\/revisions\/1079"}],"wp:attachment":[{"href":"https:\/\/stinaw.asaplive.dk\/index.php?rest_route=%2Fwp%2Fv2%2Fmedia&parent=997"}],"curies":[{"name":"wp","href":"https:\/\/api.w.org\/{rel}","templated":true}]}}