{"id":8,"date":"2024-01-15T13:39:05","date_gmt":"2024-01-15T13:39:05","guid":{"rendered":"http:\/\/stinaw.asaplive.dk\/?page_id=8"},"modified":"2025-08-25T07:56:04","modified_gmt":"2025-08-25T07:56:04","slug":"elementor-8","status":"publish","type":"page","link":"https:\/\/stinaw.asaplive.dk\/","title":{"rendered":"Forside"},"content":{"rendered":"\t\t<div data-elementor-type=\"wp-post\" data-elementor-id=\"8\" class=\"elementor elementor-8\" data-elementor-post-type=\"page\">\n\t\t\t\t<div class=\"elementor-element elementor-element-8b253af e-con-full e-flex e-con e-parent\" data-id=\"8b253af\" data-element_type=\"container\">\n\t\t<div class=\"elementor-element elementor-element-7c90e628 e-con-full e-flex e-con e-child\" data-id=\"7c90e628\" data-element_type=\"container\" data-settings=\"{&quot;background_background&quot;:&quot;classic&quot;}\">\n\t\t\t\t<\/div>\n\t\t<div class=\"elementor-element elementor-element-5024447f e-con-full e-flex e-con e-child\" data-id=\"5024447f\" data-element_type=\"container\">\n\t\t\t\t<div class=\"elementor-element elementor-element-503709b9 elementor-widget elementor-widget-heading\" data-id=\"503709b9\" data-element_type=\"widget\" data-widget_type=\"heading.default\">\n\t\t\t\t<div class=\"elementor-widget-container\">\n\t\t\t<h2 class=\"elementor-heading-title elementor-size-default\">Portfolio<\/h2>\t\t<\/div>\n\t\t\t\t<\/div>\n\t\t\t\t<div class=\"elementor-element elementor-element-49435198 elementor-widget elementor-widget-heading\" data-id=\"49435198\" data-element_type=\"widget\" data-widget_type=\"heading.default\">\n\t\t\t\t<div class=\"elementor-widget-container\">\n\t\t\t<h2 class=\"elementor-heading-title elementor-size-default\">2025<\/h2>\t\t<\/div>\n\t\t\t\t<\/div>\n\t\t\t\t<div class=\"elementor-element elementor-element-ed0aec7 elementor-widget elementor-widget-heading\" data-id=\"ed0aec7\" data-element_type=\"widget\" data-settings=\"{&quot;motion_fx_motion_fx_scrolling&quot;:&quot;yes&quot;,&quot;motion_fx_devices&quot;:[&quot;desktop&quot;,&quot;tablet&quot;,&quot;mobile&quot;]}\" data-widget_type=\"heading.default\">\n\t\t\t\t<div class=\"elementor-widget-container\">\n\t\t\t<h2 class=\"elementor-heading-title elementor-size-default\">Stina Wyczolkowski<\/h2>\t\t<\/div>\n\t\t\t\t<\/div>\n\t\t\t\t<div class=\"elementor-element elementor-element-5a1725a6 elementor-widget elementor-widget-spacer\" data-id=\"5a1725a6\" data-element_type=\"widget\" data-widget_type=\"spacer.default\">\n\t\t\t\t<div class=\"elementor-widget-container\">\n\t\t\t\t\t<div class=\"elementor-spacer\">\n\t\t\t<div class=\"elementor-spacer-inner\"><\/div>\n\t\t<\/div>\n\t\t\t\t<\/div>\n\t\t\t\t<\/div>\n\t\t\t\t<\/div>\n\t\t\t\t<\/div>\n\t\t<div class=\"elementor-element elementor-element-77965764 e-con-full e-flex e-con e-parent\" data-id=\"77965764\" data-element_type=\"container\" data-settings=\"{&quot;background_background&quot;:&quot;classic&quot;}\">\n\t\t<div class=\"elementor-element elementor-element-2c2a39ff e-con-full e-flex e-con e-child\" data-id=\"2c2a39ff\" data-element_type=\"container\">\n\t\t\t\t<div class=\"elementor-element elementor-element-75bd282e elementor-widget__width-initial elementor-widget elementor-widget-heading\" data-id=\"75bd282e\" data-element_type=\"widget\" data-widget_type=\"heading.default\">\n\t\t\t\t<div class=\"elementor-widget-container\">\n\t\t\t<h2 class=\"elementor-heading-title elementor-size-default\">Online portfolier <br> <b>Mediegrafiker<\/b><\/h2>\t\t<\/div>\n\t\t\t\t<\/div>\n\t\t\t\t<\/div>\n\t\t<div class=\"elementor-element elementor-element-726e9f5e e-con-full e-flex e-con e-child\" data-id=\"726e9f5e\" data-element_type=\"container\">\n\t\t\t\t<div class=\"elementor-element elementor-element-ad2867c elementor-widget-mobile__width-initial elementor-widget__width-initial elementor-widget-tablet__width-initial elementor-widget elementor-widget-text-editor\" data-id=\"ad2867c\" data-element_type=\"widget\" data-widget_type=\"text-editor.default\">\n\t\t\t\t<div class=\"elementor-widget-container\">\n\t\t\t\t\t\t\t<p>Velkommen til min online platform, hvor du kan f\u00f8lge min rejse som <strong>mediegrafikerelev<\/strong>. P\u00e5 denne hjemmeside f\u00e5r du indblik i min uddannelsesudvikling, pr\u00e6senteret gennem nye <strong>portfolier<\/strong> f\u00f8r hvert hovedforl\u00f8b. Disse <strong>portfolier<\/strong> afspejler mine kompetencer inden for de fire kerneomr\u00e5der: <strong>grafisk design<\/strong>, <strong>typografi, grafik og billedbehandling samt grafisk produktionsforst\u00e5else.<\/strong><\/p>\t\t\t\t\t\t<\/div>\n\t\t\t\t<\/div>\n\t\t\t\t<\/div>\n\t\t\t\t<\/div>\n\t\t<div class=\"elementor-element elementor-element-6a5652e e-con-full e-flex e-con e-parent\" data-id=\"6a5652e\" data-element_type=\"container\" data-settings=\"{&quot;background_background&quot;:&quot;classic&quot;}\">\n\t\t<div class=\"elementor-element elementor-element-957b99b e-con-full e-flex e-con e-child\" data-id=\"957b99b\" data-element_type=\"container\">\n\t\t\t\t<div class=\"elementor-element elementor-element-a6aa4cb elementor-widget__width-initial elementor-widget elementor-widget-heading\" data-id=\"a6aa4cb\" data-element_type=\"widget\" data-widget_type=\"heading.default\">\n\t\t\t\t<div class=\"elementor-widget-container\">\n\t\t\t<h2 class=\"elementor-heading-title elementor-size-default\">Portfolier<\/h2>\t\t<\/div>\n\t\t\t\t<\/div>\n\t\t<div class=\"elementor-element elementor-element-a05c492 e-con-full e-flex e-con e-child\" data-id=\"a05c492\" data-element_type=\"container\" data-settings=\"{&quot;background_background&quot;:&quot;classic&quot;}\">\n\t\t\t\t<div class=\"elementor-element elementor-element-51dcd78 elementor-widget elementor-widget-image\" data-id=\"51dcd78\" data-element_type=\"widget\" data-widget_type=\"image.default\">\n\t\t\t\t<div class=\"elementor-widget-container\">\n\t\t\t\t\t\t\t\t\t\t\t\t\t\t<a href=\"https:\/\/stinaw.asaplive.dk\/?page_id=73\">\n\t\t\t\t\t\t\t<img fetchpriority=\"high\" decoding=\"async\" width=\"800\" height=\"534\" src=\"https:\/\/stinaw.asaplive.dk\/wp-content\/uploads\/2024\/01\/aos_mockup-1024x683.png\" class=\"attachment-large size-large wp-image-75\" alt=\"\" srcset=\"https:\/\/stinaw.asaplive.dk\/wp-content\/uploads\/2024\/01\/aos_mockup-1024x683.png 1024w, https:\/\/stinaw.asaplive.dk\/wp-content\/uploads\/2024\/01\/aos_mockup-300x200.png 300w, https:\/\/stinaw.asaplive.dk\/wp-content\/uploads\/2024\/01\/aos_mockup-768x512.png 768w, https:\/\/stinaw.asaplive.dk\/wp-content\/uploads\/2024\/01\/aos_mockup-1536x1024.png 1536w, https:\/\/stinaw.asaplive.dk\/wp-content\/uploads\/2024\/01\/aos_mockup-2048x1365.png 2048w\" sizes=\"(max-width: 800px) 100vw, 800px\" \/>\t\t\t\t\t\t\t\t<\/a>\n\t\t\t\t\t\t\t\t\t\t\t\t\t<\/div>\n\t\t\t\t<\/div>\n\t\t\t\t<\/div>\n\t\t\t\t<div class=\"elementor-element elementor-element-410a8ca elementor-widget elementor-widget-heading\" data-id=\"410a8ca\" data-element_type=\"widget\" data-widget_type=\"heading.default\">\n\t\t\t\t<div class=\"elementor-widget-container\">\n\t\t\t<h2 class=\"elementor-heading-title elementor-size-default\"><a href=\"https:\/\/stinaw.asaplive.dk\/?page_id=73\">Hovedforl\u00f8b 1<\/a><\/h2>\t\t<\/div>\n\t\t\t\t<\/div>\n\t\t\t\t<\/div>\n\t\t<div class=\"elementor-element elementor-element-76cf2e8 e-con-full e-flex e-con e-child\" data-id=\"76cf2e8\" data-element_type=\"container\" data-settings=\"{&quot;background_background&quot;:&quot;classic&quot;}\">\n\t\t\t\t<div class=\"elementor-element elementor-element-d6fa937 elementor-hidden-mobile elementor-widget elementor-widget-spacer\" data-id=\"d6fa937\" data-element_type=\"widget\" data-widget_type=\"spacer.default\">\n\t\t\t\t<div class=\"elementor-widget-container\">\n\t\t\t\t\t<div class=\"elementor-spacer\">\n\t\t\t<div class=\"elementor-spacer-inner\"><\/div>\n\t\t<\/div>\n\t\t\t\t<\/div>\n\t\t\t\t<\/div>\n\t\t\t\t<div class=\"elementor-element elementor-element-ed137b6 elementor-widget elementor-widget-image\" data-id=\"ed137b6\" data-element_type=\"widget\" data-widget_type=\"image.default\">\n\t\t\t\t<div class=\"elementor-widget-container\">\n\t\t\t\t\t\t\t\t\t\t\t\t\t\t<a href=\"https:\/\/stinaw.asaplive.dk\/?page_id=27\">\n\t\t\t\t\t\t\t<img decoding=\"async\" width=\"800\" height=\"534\" src=\"https:\/\/stinaw.asaplive.dk\/wp-content\/uploads\/2025\/08\/Program_mockup_04-1024x683.png\" class=\"attachment-large size-large wp-image-1054\" alt=\"\" srcset=\"https:\/\/stinaw.asaplive.dk\/wp-content\/uploads\/2025\/08\/Program_mockup_04-1024x683.png 1024w, https:\/\/stinaw.asaplive.dk\/wp-content\/uploads\/2025\/08\/Program_mockup_04-300x200.png 300w, https:\/\/stinaw.asaplive.dk\/wp-content\/uploads\/2025\/08\/Program_mockup_04-768x512.png 768w, https:\/\/stinaw.asaplive.dk\/wp-content\/uploads\/2025\/08\/Program_mockup_04-1536x1024.png 1536w, https:\/\/stinaw.asaplive.dk\/wp-content\/uploads\/2025\/08\/Program_mockup_04-2048x1365.png 2048w\" sizes=\"(max-width: 800px) 100vw, 800px\" \/>\t\t\t\t\t\t\t\t<\/a>\n\t\t\t\t\t\t\t\t\t\t\t\t\t<\/div>\n\t\t\t\t<\/div>\n\t\t\t\t<div class=\"elementor-element elementor-element-c54324f elementor-widget elementor-widget-heading\" data-id=\"c54324f\" data-element_type=\"widget\" data-widget_type=\"heading.default\">\n\t\t\t\t<div class=\"elementor-widget-container\">\n\t\t\t<h2 class=\"elementor-heading-title elementor-size-default\"><a href=\"https:\/\/stinaw.asaplive.dk\/?page_id=27\">Hovedforl\u00f8b 2<\/a><\/h2>\t\t<\/div>\n\t\t\t\t<\/div>\n\t\t\t\t<\/div>\n\t\t\t\t<\/div>\n\t\t<div class=\"elementor-element elementor-element-04c7e77 e-con-full e-flex e-con e-parent\" data-id=\"04c7e77\" data-element_type=\"container\" data-settings=\"{&quot;background_background&quot;:&quot;classic&quot;}\">\n\t\t<div class=\"elementor-element elementor-element-79055e1 e-con-full e-flex e-con e-child\" data-id=\"79055e1\" data-element_type=\"container\">\n\t\t\t\t<div class=\"elementor-element elementor-element-2bcc7ca elementor-widget elementor-widget-video\" data-id=\"2bcc7ca\" data-element_type=\"widget\" data-settings=\"{&quot;video_type&quot;:&quot;hosted&quot;,&quot;start&quot;:1,&quot;autoplay&quot;:&quot;yes&quot;,&quot;play_on_mobile&quot;:&quot;yes&quot;,&quot;loop&quot;:&quot;yes&quot;}\" data-widget_type=\"video.default\">\n\t\t\t\t<div class=\"elementor-widget-container\">\n\t\t\t\t\t<div class=\"e-hosted-video elementor-wrapper elementor-open-inline\">\n\t\t\t\t\t<video class=\"elementor-video\" src=\"http:\/\/stinaw.asaplive.dk\/wp-content\/uploads\/2024\/09\/16706-ALK-uge40-kampagne-animation_Alkolinjen.mp4#t=1\" autoplay=\"\" loop=\"\" playsinline=\"\" controlsList=\"nodownload\"><\/video>\n\t\t\t\t<\/div>\n\t\t\t\t<\/div>\n\t\t\t\t<\/div>\n\t\t\t\t<div class=\"elementor-element elementor-element-6bf63ce elementor-widget elementor-widget-heading\" data-id=\"6bf63ce\" data-element_type=\"widget\" data-widget_type=\"heading.default\">\n\t\t\t\t<div class=\"elementor-widget-container\">\n\t\t\t<h2 class=\"elementor-heading-title elementor-size-default\"><a href=\"https:\/\/stinaw.asaplive.dk\/?page_id=618\">Hovedforl\u00f8b 3<\/a><\/h2>\t\t<\/div>\n\t\t\t\t<\/div>\n\t\t\t\t<\/div>\n\t\t<div class=\"elementor-element elementor-element-498c2e1 e-con-full e-flex e-con e-child\" data-id=\"498c2e1\" data-element_type=\"container\" data-settings=\"{&quot;background_background&quot;:&quot;classic&quot;}\">\n\t\t\t\t<div class=\"elementor-element elementor-element-024d751 elementor-widget elementor-widget-video\" data-id=\"024d751\" data-element_type=\"widget\" data-settings=\"{&quot;video_type&quot;:&quot;hosted&quot;,&quot;start&quot;:1,&quot;autoplay&quot;:&quot;yes&quot;,&quot;play_on_mobile&quot;:&quot;yes&quot;,&quot;loop&quot;:&quot;yes&quot;}\" data-widget_type=\"video.default\">\n\t\t\t\t<div class=\"elementor-widget-container\">\n\t\t\t\t\t<div class=\"e-hosted-video elementor-wrapper elementor-open-inline\">\n\t\t\t\t\t<video class=\"elementor-video\" src=\"http:\/\/stinaw.asaplive.dk\/wp-content\/uploads\/2025\/06\/Fitness_MK_Final_1920x1080px.mp4#t=1\" autoplay=\"\" loop=\"\" playsinline=\"\" controlsList=\"nodownload\"><\/video>\n\t\t\t\t<\/div>\n\t\t\t\t<\/div>\n\t\t\t\t<\/div>\n\t\t\t\t<div class=\"elementor-element elementor-element-ff42248 elementor-widget elementor-widget-heading\" data-id=\"ff42248\" data-element_type=\"widget\" data-widget_type=\"heading.default\">\n\t\t\t\t<div class=\"elementor-widget-container\">\n\t\t\t<h2 class=\"elementor-heading-title elementor-size-default\"><a href=\"https:\/\/stinaw.asaplive.dk\/?page_id=997\">Svendeportfolio<\/a><\/h2>\t\t<\/div>\n\t\t\t\t<\/div>\n\t\t\t\t<\/div>\n\t\t\t\t<\/div>\n\t\t\t\t<\/div>\n\t\t","protected":false},"excerpt":{"rendered":"<p>Portfolio 2025 Stina Wyczolkowski Online portfolier Mediegrafiker Velkommen til min online platform, hvor du kan f\u00f8lge min rejse som mediegrafikerelev. P\u00e5 denne hjemmeside f\u00e5r du indblik i min uddannelsesudvikling, pr\u00e6senteret gennem nye portfolier f\u00f8r hvert hovedforl\u00f8b. Disse portfolier afspejler mine kompetencer inden for de fire kerneomr\u00e5der: grafisk design, typografi, grafik og billedbehandling samt grafisk produktionsforst\u00e5else. [&hellip;]<\/p>\n","protected":false},"author":1,"featured_media":0,"parent":0,"menu_order":0,"comment_status":"closed","ping_status":"closed","template":"","meta":{"footnotes":""},"class_list":["post-8","page","type-page","status-publish","hentry"],"_links":{"self":[{"href":"https:\/\/stinaw.asaplive.dk\/index.php?rest_route=\/wp\/v2\/pages\/8","targetHints":{"allow":["GET"]}}],"collection":[{"href":"https:\/\/stinaw.asaplive.dk\/index.php?rest_route=\/wp\/v2\/pages"}],"about":[{"href":"https:\/\/stinaw.asaplive.dk\/index.php?rest_route=\/wp\/v2\/types\/page"}],"author":[{"embeddable":true,"href":"https:\/\/stinaw.asaplive.dk\/index.php?rest_route=\/wp\/v2\/users\/1"}],"replies":[{"embeddable":true,"href":"https:\/\/stinaw.asaplive.dk\/index.php?rest_route=%2Fwp%2Fv2%2Fcomments&post=8"}],"version-history":[{"count":216,"href":"https:\/\/stinaw.asaplive.dk\/index.php?rest_route=\/wp\/v2\/pages\/8\/revisions"}],"predecessor-version":[{"id":1064,"href":"https:\/\/stinaw.asaplive.dk\/index.php?rest_route=\/wp\/v2\/pages\/8\/revisions\/1064"}],"wp:attachment":[{"href":"https:\/\/stinaw.asaplive.dk\/index.php?rest_route=%2Fwp%2Fv2%2Fmedia&parent=8"}],"curies":[{"name":"wp","href":"https:\/\/api.w.org\/{rel}","templated":true}]}}